{"id":685,"date":"2021-09-20T08:07:35","date_gmt":"2021-09-20T08:07:35","guid":{"rendered":"http:\/\/www.szenenwild.de\/?page_id=685"},"modified":"2021-09-20T09:32:44","modified_gmt":"2021-09-20T09:32:44","slug":"impressum","status":"publish","type":"page","link":"http:\/\/www.szenenwild.de\/?page_id=685","title":{"rendered":"Impressum"},"content":{"rendered":"\n<h3>Angaben gem\u00e4\u00df \u00a7 5 TMG<\/h3>\n\n\n\n<p>Stefanie \u00dcbelh\u00f6r<br>Freiberufliche Szenenbildnerin<br>Dudenstr. 15<br>10965 Berlin<br><\/p>\n\n\n\n<h3>Umsatzsteuer-ID<\/h3>\n\n\n\n<p>Umsatzsteuer-Identifikationsnummer gem\u00e4\u00df \u00a7 27 a Umsatzsteuergesetz:<br>DE288918530<\/p>\n\n\n\n<h3>Kontakt<\/h3>\n\n\n\n<p>Telefon: +49 (0) 176 611 972 54<br>E-Mail: stefanie@szenenwild.de<\/p>\n\n\n\n<h1 class=\"has-normal-font-size\"><strong>Eingebettete Inhalte von anderen Websites<\/strong><\/h1>\n\n\n\n<div class=\"wp-block-group\"><div class=\"wp-block-group__inner-container\">\n<p class=\"has-small-font-size\">Beitr\u00e4ge auf dieser Website k\u00f6nnen eingebettete Inhalte beinhalten (z.&nbsp;B. Videos, Bilder, Beitr\u00e4ge etc.). Eingebettete Inhalte von anderen Websites verhalten sich exakt so, als ob der Besucher die andere Website besucht h\u00e4tte.<br>Diese Websites k\u00f6nnen Daten \u00fcber dich sammeln, Cookies benutzen, zus\u00e4tzliche Tracking-Dienste von Dritten einbetten und deine Interaktion mit diesem eingebetteten Inhalt aufzeichnen, inklusive deiner Interaktion mit dem eingebetteten Inhalt, falls du ein Konto hast und auf dieser Website angemeldet bist.<\/p>\n<\/div><\/div>\n\n\n\n<p class=\"has-small-font-size\"><br><br>Impressum mit Unterst\u00fctzung von : e-recht24.de<\/p>\n","protected":false},"excerpt":{"rendered":"<p>Angaben gem\u00e4\u00df \u00a7 5 TMG Stefanie \u00dcbelh\u00f6rFreiberufliche SzenenbildnerinDudenstr. 1510965 Berlin Umsatzsteuer-ID Umsatzsteuer-Identifikationsnummer gem\u00e4\u00df \u00a7 27&#8230;<\/p>\n","protected":false},"author":1,"featured_media":0,"parent":0,"menu_order":0,"comment_status":"closed","ping_status":"closed","template":"page-template-fullwidth.php","meta":[],"_links":{"self":[{"href":"http:\/\/www.szenenwild.de\/index.php?rest_route=\/wp\/v2\/pages\/685"}],"collection":[{"href":"http:\/\/www.szenenwild.de\/index.php?rest_route=\/wp\/v2\/pages"}],"about":[{"href":"http:\/\/www.szenenwild.de\/index.php?rest_route=\/wp\/v2\/types\/page"}],"author":[{"embeddable":true,"href":"http:\/\/www.szenenwild.de\/index.php?rest_route=\/wp\/v2\/users\/1"}],"replies":[{"embeddable":true,"href":"http:\/\/www.szenenwild.de\/index.php?rest_route=%2Fwp%2Fv2%2Fcomments&post=685"}],"version-history":[{"count":6,"href":"http:\/\/www.szenenwild.de\/index.php?rest_route=\/wp\/v2\/pages\/685\/revisions"}],"predecessor-version":[{"id":705,"href":"http:\/\/www.szenenwild.de\/index.php?rest_route=\/wp\/v2\/pages\/685\/revisions\/705"}],"wp:attachment":[{"href":"http:\/\/www.szenenwild.de\/index.php?rest_route=%2Fwp%2Fv2%2Fmedia&parent=685"}],"curies":[{"name":"wp","href":"https:\/\/api.w.org\/{rel}","templated":true}]}}